{"id":40,"date":"2017-07-30T07:25:05","date_gmt":"2017-07-30T07:25:05","guid":{"rendered":"http:\/\/herrauburger.de\/?page_id=40"},"modified":"2023-01-15T09:50:34","modified_gmt":"2023-01-15T07:50:34","slug":"impressum","status":"publish","type":"page","link":"https:\/\/herrauburger.de\/?page_id=40","title":{"rendered":"Impressum"},"content":{"rendered":"<p class=\"paragraph_style\"><strong>Angaben gem\u00e4\u00df \u00a7 5 TMG:<\/strong><\/p>\n<p class=\"paragraph_style_1\">Verantwortlich f\u00fcr den Inhalt nach \u00a7 55 Abs. 2 RStV dieser Website ist:<\/p>\n<p class=\"paragraph_style_3\">OStR Max Auburger<\/p>\n<p class=\"paragraph_style_3\">Hiltenspergerstra\u00dfe 34<\/p>\n<p class=\"paragraph_style_4\">D-80796 M\u00fcnchen<\/p>\n<p class=\"paragraph_style_3\">Kontakt: <a title=\"mailto:info@herrauburger.de\" href=\"mailto:info@herrauburger.de\">info@herrauburger.de<\/a><\/p>\n<p class=\"paragraph_style\">\n<p class=\"paragraph_style_5\"><strong><span class=\"style_3\">Haftungsausschluss:<\/span><\/strong><\/p>\n<p class=\"paragraph_style_6\"><strong>Haftung f\u00fcr Inhalte<\/strong><span class=\"style_4\"><br \/>\n<\/span><\/p>\n<p class=\"paragraph_style\">Die Inhalte unserer Seiten wurden mit gr\u00f6\u00dfter Sorgfalt erstellt. F\u00fcr die Richtigkeit, Vollst\u00e4ndigkeit und Aktualit\u00e4t der Inhalte k\u00f6nnen wir jedoch keine Gew\u00e4hr \u00fcbernehmen. Als Diensteanbieter sind wir gem\u00e4\u00df \u00a7 7 Abs.1 TMG f\u00fcr eigene Inhalte auf diesen Seiten nach den allgemeinen Gesetzen verantwortlich. Nach \u00a7\u00a7 8 bis 10 TMG sind wir als Diensteanbieter jedoch nicht verpflichtet, \u00fcbermittelte oder gespeicherte fremde Informationen zu \u00fcberwachen oder nach Umst\u00e4nden zu forschen, die auf eine rechtswidrige T\u00e4tigkeit hinweisen. Verpflichtungen zur Entfernung oder Sperrung der Nutzung von Informationen nach den allgemeinen Gesetzen bleiben hiervon unber\u00fchrt. Eine diesbez\u00fcgliche Haftung ist jedoch erst ab dem Zeitpunkt der Kenntnis einer konkreten Rechtsverletzung m\u00f6glich. Bei Bekanntwerden von entsprechenden Rechtsverletzungen werden wir diese Inhalte umgehend entfernen.<\/p>\n<p class=\"paragraph_style_6\"><strong>Haftung f\u00fcr Links<\/strong><span class=\"style_4\"><br \/>\n<\/span><\/p>\n<p class=\"paragraph_style\">Unser Angebot enth\u00e4lt Links zu externen Webseiten Dritter, auf deren Inhalte wir keinen Einfluss haben. Deshalb k\u00f6nnen wir f\u00fcr diese fremden Inhalte auch keine Gew\u00e4hr \u00fcbernehmen. F\u00fcr die Inhalte der verlinkten Seiten ist stets der jeweilige Anbieter oder Betreiber der Seiten verantwortlich. Die verlinkten Seiten wurden zum Zeitpunkt der Verlinkung auf m\u00f6gliche Rechtsverst\u00f6\u00dfe \u00fcberpr\u00fcft. Rechtswidrige Inhalte waren zum Zeitpunkt der Verlinkung nicht erkennbar. Eine permanente inhaltliche Kontrolle der verlinkten Seiten ist jedoch ohne konkrete Anhaltspunkte einer Rechtsverletzung nicht zumutbar. Bei Bekanntwerden von Rechtsverletzungen werden wir derartige Links umgehend entfernen.<\/p>\n<p class=\"paragraph_style_6\"><strong>Urheberrecht<\/strong><span class=\"style_4\"><br \/>\n<\/span><\/p>\n<p class=\"paragraph_style\">Die durch die Seitenbetreiber erstellten Inhalte und Werke auf diesen Seiten unterliegen dem deutschen Urheberrecht. Die Vervielf\u00e4ltigung, Bearbeitung, Verbreitung und jede Art der Verwertung au\u00dferhalb der Grenzen des Urheberrechtes bed\u00fcrfen der schriftlichen Zustimmung des jeweiligen Autors bzw. Erstellers. Downloads und Kopien dieser Seite sind nur f\u00fcr den privaten, nicht kommerziellen Gebrauch gestattet. Soweit die Inhalte auf dieser Seite nicht vom Betreiber erstellt wurden, werden die Urheberrechte Dritter beachtet. Insbesondere werden Inhalte Dritter als solche gekennzeichnet. Sollten Sie trotzdem auf eine Urheberrechtsverletzung aufmerksam werden, bitten wir um einen entsprechenden Hinweis. Bei Bekanntwerden von Rechtsverletzungen werden wir derartige Inhalte umgehend entfernen.<\/p>\n<p class=\"paragraph_style_6\"><strong>Datenschutz<\/strong><span class=\"style_4\"><br \/>\n<\/span><\/p>\n<p class=\"paragraph_style\">Die Nutzung unserer Webseite ist in der Regel ohne Angabe personenbezogener Daten m\u00f6glich. Soweit auf unseren Seiten personenbezogene Daten (beispielsweise Name, Anschrift oder eMail-Adressen) erhoben werden, erfolgt dies, soweit m\u00f6glich, stets auf freiwilliger Basis. Diese Daten werden ohne Ihre ausdr\u00fcckliche Zustimmung nicht an Dritte weitergegeben.<\/p>\n<p class=\"paragraph_style\">Wir weisen darauf hin, dass die Daten\u00fcbertragung im Internet (z.B. bei der Kommunikation per E-Mail) Sicherheitsl\u00fccken aufweisen kann. Ein l\u00fcckenloser Schutz der Daten vor dem Zugriff durch Dritte ist nicht m\u00f6glich.<\/p>\n<p class=\"paragraph_style\">Der Nutzung von im Rahmen der Impressumspflicht ver\u00f6ffentlichten Kontaktdaten durch Dritte zur \u00dcbersendung von nicht ausdr\u00fccklich angeforderter Werbung und Informationsmaterialien wird hiermit ausdr\u00fccklich widersprochen. Die Betreiber der Seiten behalten sich ausdr\u00fccklich rechtliche Schritte im Falle der unverlangten Zusendung von Werbeinformationen, etwa durch Spam-Mails, vor.<\/p>\n<p class=\"paragraph_style\">\n<p class=\"paragraph_style_6\"><strong>Datenschutzerkl\u00e4rung f\u00fcr die Nutzung von Facebook-Plugins (Like-Button)<\/strong><span class=\"style_4\"><br \/>\n<\/span><\/p>\n<p class=\"paragraph_style\">Auf unseren Seiten sind Plugins des sozialen Netzwerks Facebook, 1601 South California Avenue, Palo Alto, CA 94304, USA integriert. Die Facebook-Plugins erkennen Sie an dem Facebook-Logo oder dem &#8222;Like-Button&#8220; (&#8222;Gef\u00e4llt mir&#8220;) auf unserer Seite. Eine \u00dcbersicht \u00fcber die Facebook-Plugins finden Sie hier: <a class=\"Ohne\" title=\"http:\/\/developers.facebook.com\/docs\/plugins\/\" href=\"http:\/\/developers.facebook.com\/docs\/plugins\/\">http:\/\/developers.facebook.com\/docs\/plugins\/<\/a>.<br \/>\nWenn Sie unsere Seiten besuchen, wird \u00fcber das Plugin eine direkte Verbindung zwischen Ihrem Browser und dem Facebook-Server hergestellt. Facebook erh\u00e4lt dadurch die Information, dass Sie mit Ihrer IP-Adresse unsere Seite besucht haben. Wenn Sie den Facebook &#8222;Like-Button&#8220; anklicken w\u00e4hrend Sie in Ihrem Facebook-Account eingeloggt sind, k\u00f6nnen Sie die Inhalte unserer Seiten auf Ihrem Facebook-Profil verlinken. Dadurch kann Facebook den Besuch unserer Seiten Ihrem Benutzerkonto zuordnen. Wir weisen darauf hin, dass wir als Anbieter der Seiten keine Kenntnis vom Inhalt der \u00fcbermittelten Daten sowie deren Nutzung durch Facebook erhalten. Weitere Informationen hierzu finden Sie in der Datenschutzerkl\u00e4rung von facebook unter <a class=\"Ohne\" title=\"http:\/\/de-de.facebook.com\/policy.php\" href=\"http:\/\/de-de.facebook.com\/policy.php\">http:\/\/de-de.facebook.com\/policy.php<\/a><\/p>\n<p class=\"paragraph_style\">Wenn Sie nicht w\u00fcnschen, dass Facebook den Besuch unserer Seiten Ihrem Facebook-Nutzerkonto zuordnen kann, loggen Sie sich bitte aus Ihrem Facebook-Benutzerkonto aus.<\/p>\n<p class=\"paragraph_style\">\n<p class=\"paragraph_style_6\"><strong>Datenschutzerkl\u00e4rung f\u00fcr die Nutzung von Twitter<\/strong><span class=\"style_4\"><br \/>\n<\/span><\/p>\n<p class=\"paragraph_style\">Auf unseren Seiten sind Funktionen des Dienstes Twitter eingebunden. Diese Funktionen werden angeboten durch die Twitter Inc., 795 Folsom St., Suite 600, San Francisco, CA 94107, USA. Durch das Benutzen von Twitter und der Funktion &#8222;Re-Tweet&#8220; werden die von Ihnen besuchten Webseiten mit Ihrem Twitter-Account verkn\u00fcpft und anderen Nutzern bekannt gegeben. Dabei werden auch Daten an Twitter \u00fcbertragen.<\/p>\n<p class=\"paragraph_style\">Wir weisen darauf hin, dass wir als Anbieter der Seiten keine Kenntnis vom Inhalt der \u00fcbermittelten Daten sowie deren Nutzung durch Twitter erhalten. Weitere Informationen hierzu finden Sie in der Datenschutzerkl\u00e4rung von Twitter unter <a class=\"Ohne\" title=\"http:\/\/twitter.com\/privacy\" href=\"http:\/\/twitter.com\/privacy\">http:\/\/twitter.com\/privacy<\/a>.<\/p>\n<p class=\"paragraph_style\">Ihre Datenschutzeinstellungen bei Twitter k\u00f6nnen Sie in den Konto-Einstellungen unter <a class=\"Ohne\" title=\"http:\/\/twitter.com\/account\/settings\" href=\"http:\/\/twitter.com\/account\/settings\">http:\/\/twitter.com\/account\/settings<\/a> \u00e4ndern.<\/p>\n<p class=\"paragraph_style\">\n<h4>Cookies<\/h4>\n<p>Wir verwenden auf unserer Seite sog. Cookies zum Wiedererkennen mehrfacher Nutzung unseres Angebots, durch denselben Nutzer\/Internetanschlussinhaber. Cookies sind kleine Textdateien, die Ihr Internet-Browser auf Ihrem Rechner ablegt und speichert. Sie dienen dazu, unseren Internetauftritt und unsere Angebote zu optimieren. Es handelt sich dabei zumeist um sog. &#8222;Session-Cookies&#8220;, die nach dem Ende Ihres Besuches wieder gel\u00f6scht werden.<br \/>\nTeilweise geben diese Cookies jedoch Informationen ab, um Sie automatisch wieder zu erkennen. Diese Wiedererkennung erfolgt aufgrund der in den Cookies gespeicherten IP-Adresse. Die so erlangten Informationen dienen dazu, unsere Angebote zu optimieren und Ihnen einen leichteren Zugang auf unsere Seite zu erm\u00f6glichen.<br \/>\nSie k\u00f6nnen die Installation der Cookies durch eine entsprechende Einstellung Ihres Browsers verhindern; wir weisen Sie jedoch darauf hin, dass Sie in diesem Fall gegebenenfalls nicht s\u00e4mtliche Funktionen unserer Website vollumf\u00e4nglich nutzen k\u00f6nnen.<\/p>\n<h4>Kontaktm\u00f6glichkeit<\/h4>\n<p>Wir bieten Ihnen auf unserer Seite die M\u00f6glichkeit, mit uns per E-Mail und\/oder \u00fcber ein Kontaktformular in Verbindung zu treten. In diesem Fall werden die vom Nutzer gemachten Angaben zum Zwecke der Bearbeitung seiner Kontaktaufnahme gespeichert. Eine Weitergabe an Dritte erfolgt nicht. Ein Abgleich der so erhobenen Daten mit Daten, die m\u00f6glicherweise durch andere Komponenten unserer Seite erhoben werden, erfolgt ebenfalls nicht.<\/p>\n<h4>Kommentarm\u00f6glichkeit<\/h4>\n<p>Wir bieten Ihnen auf unserer Seite die M\u00f6glichkeit, Kommentare zu den einzelnen Beitr\u00e4gen zu hinterlassen. Hierbei wird die IP- Adresse des Verfassers\/Anschlussinhabers gespeichert. Diese Speicherung erfolgt zu unserer Sicherheit f\u00fcr den Fall, dass vom Verfasser durch seinen Kommentar hierbei in Rechte Dritter eingegriffen wird und\/oder widerrechtliche Inhalte abgesetzt werden. Somit besteht ein Eigeninteresse unsererseits an den gespeicherten Daten des Verfassers, zumal wir unter Umst\u00e4nden wegen derartigen Rechtsverletzungen belangt werden k\u00f6nnen. Eine Weitergabe an Dritte erfolgt nicht. Ein Abgleich der so erhobenen Daten mit Daten, die m\u00f6glicherweise durch andere Komponenten unserer Seite erhoben werden, erfolgt ebenfalls nicht.<\/p>\n<h4>Einsatz von Google-Analytics mit Anonymisierungsfunktion<\/h4>\n<p>Wir setzen auf unserer Seite Google-Analytics, einen Webanalysedienst der Firma Google Inc., 1600 Amphitheatre Parkway, Mountain View, CA 94043 USA, nachfolgend \u201eGoogle\u201c ein. Google-Analytics verwendet sog. \u201eCookies\u201c, Textdateien, die auf Ihrem Computer gespeichert werden und hierdurch eine Analyse der Benutzung der Website durch Sie erm\u00f6glichen.<br \/>\nDie durch diese Cookies erzeugten Informationen, beispielsweise Zeit, Ort und H\u00e4ufigkeit Ihres Webseiten-Besuchs einschlie\u00dflich Ihrer IP-Adresse, werden an Google in den USA \u00fcbertragen und dort gespeichert.<br \/>\nWir verwenden auf unserer Website Google-Analytics mit dem Zusatz &#8222;_gat._anonymizeIp&#8220;. Ihre IP-Adresse wird in diesem Fall von Google schon innerhalb von Mitgliedstaaten der Europ\u00e4ischen Union oder in anderen Vertragsstaaten des Abkommens \u00fcber den Europ\u00e4ischen Wirtschaftsraum gek\u00fcrzt und dadurch anonymisiert.<br \/>\nGoogle wird diese Informationen benutzen, um Ihre Nutzung unserer Seite auszuwerten, um Reports \u00fcber die Websiteaktivit\u00e4ten f\u00fcr uns zusammenzustellen und um weitere mit der Websitenutzung und der Internetnutzung verbundene Dienstleistungen zu erbringen. Auch wird Google diese Informationen gegebenenfalls an Dritte \u00fcbertragen, sofern dies gesetzlich vorgeschrieben oder soweit Dritte diese Daten im Auftrag von Google verarbeiten.<br \/>\nGoogle wird, nach eigenen Angaben, in keinem Fall Ihre IP-Adresse mit anderen Daten von Google in Verbindung bringen. Sie k\u00f6nnen die Installation der Cookies durch eine entsprechende Einstellung Ihrer Browser-Software verhindern; wir weisen Sie jedoch darauf hin, dass Sie in diesem Fall gegebenenfalls nicht s\u00e4mtliche Funktionen unserer Website vollumf\u00e4nglich nutzen k\u00f6nnen.<\/p>\n<p>Des Weiteren bietet Google f\u00fcr die g\u00e4ngigsten Browser ein Deaktivierungs-Add-on an, welches Ihnen mehr Kontrolle dar\u00fcber gibt, welche Daten von Google zu der von Ihnen aufgerufenen Websites erfasst werden. Das Add-on teilt dem JavaScript (ga.js) von Google Analytics mit, dass keine Informationen zum Website-Besuch an Google Analytics \u00fcbermittelt werden sollen. Das Deaktivierungs-Add-on f\u00fcr Browser von Google Analytics verhindert aber nicht, dass Informationen an uns oder an andere von uns gegebenenfalls eingesetzte Webanalyse-Services \u00fcbermittelt werden. Weitere Informationen zur Installation des Browser Add-on erhalten Sie \u00fcber nachfolgenden Link:\u00a0<a href=\"https:\/\/tools.google.com\/dlpage\/gaoptout?hl=de\" target=\"_blank\" rel=\"nofollow noopener\">https:\/\/tools.google.com\/dlpage\/gaoptout?hl=de<\/a><\/p>\n<h4>Einsatz von YouTube-Komponenten mit erweitertem Datenschutzmodus<\/h4>\n<p>Auf unserer Webseite setzen wir Komponenten (Videos) des Unternehmens YouTube, LLC 901 Cherry Ave., 94066 San Bruno, CA, USA, einem Unternehmen der Google Inc., Amphitheatre Parkway, Mountain View, CA 94043, USA, ein.<\/p>\n<p>Hierbei nutzen wir die von YouTube zur Verf\u00fcgung gestellte Option &#8220; &#8211; erweiterter Datenschutzmodus &#8211; &#8222;.<\/p>\n<p>Wenn Sie eine Seite aufrufen, die \u00fcber ein eingebettetes Video verf\u00fcgt, wird eine Verbindung zu den YouTube-Servern hergestellt und dabei der Inhalt durch Mitteilung an Ihren Browser auf der Internetseite dargestellt.<\/p>\n<p>Laut den Angaben von YouTube werden im &#8220; &#8211; erweiterten Datenschutzmodus -&#8220; nur Daten an den YouTube-Server \u00fcbermittelt, insbesondere welche unserer Internetseiten Sie besucht haben, wenn Sie das Video anschauen. Sind Sie gleichzeitig bei YouTube eingeloggt, werden diese Informationen Ihrem Mitgliedskonto bei YouTube zugeordnet. Dies k\u00f6nnen Sie verhindern, indem Sie sich vor dem Besuch unserer Website von Ihrem Mitgliedskonto abmelden.<\/p>\n<p>Weitere Informationen zum Datenschutz von YouTube werden von Google unter dem folgenden Link bereitgestellt:<\/p>\n<p><a href=\"https:\/\/www.google.de\/intl\/de\/policies\/privacy\/\" target=\"_blank\" rel=\"nofollow noopener\">https:\/\/www.google.de\/intl\/de\/policies\/privacy\/<\/a><\/p>\n<h4>Einsatz von Jetpack mit wordpress.com STATS<\/h4>\n<p>Wir setzen auf unserer Seite die Komponente Jetpack der Automattic Inc., 132 Hawthorne Street, San Francisco, CA 94107, United States of America, unter Einsatz der Technologie der Quantcast Corp., 201 Third Street, 2nd Floor, San Francisco, CA 94103, United States of America, ein. Bei jedem einzelnen Aufruf unserer Seite werden durch den Einsatz von Cookies Daten zur Webanalyse gesammelt und in den USA gespeichert. Cookies sind kleine Textdateien, die lokal im Zwischenspeicher des Internet-Browsers des Besuchers gespeichert werden, um so die Wiedererkennung des Internet-Browsers des Besuchers zu erm\u00f6glichen. Die IP-Adresse wird hierbei unverz\u00fcglich nach der Verarbeitung jedoch noch vor deren Speicherung anonymisiert. Sie k\u00f6nnen die Installation der Cookies durch eine entsprechende Einstellung Ihrer Browser-Software verhindern bzw. bereits gespeicherte Cookies l\u00f6schen; wir weisen Sie jedoch darauf hin, dass Sie in diesem Fall gegebenenfalls nicht s\u00e4mtliche Funktionen unserer Website vollumf\u00e4nglich nutzen k\u00f6nnen.<\/p>\n<p>Der Erhebung und Nutzung der Daten durch die Komponente Jetpack kann mit Wirkung f\u00fcr die Zukunft widersprochen werden, wenn Sie ein Opt-Out-Cookie in Ihrem Browser \u00fcber die Seite\u00a0<a href=\"http:\/\/www.quantcast.com\/opt-out\" target=\"_blank\" rel=\"noopener\">http:\/\/www.quantcast.com\/opt-out<\/a>\u00a0setzen. Wenn Sie alle Cookies Ihres Browsers l\u00f6schen sollten, muss der Vorgang wiederholt werden.<\/p>\n<h3>Auskunft\/Widerruf\/L\u00f6schung<\/h3>\n<p>Sie k\u00f6nnen sich aufgrund des Bundesdatenschutzgesetzes bei Fragen zur Erhebung, Verarbeitung oder Nutzung Ihrer personenbezogenen Daten und deren Berichtigung, Sperrung, L\u00f6schung oder einem Widerruf einer erteilten Einwilligung unentgeltlich an uns wenden. Wir weisen darauf hin, dass Ihnen ein Recht auf Berichtigung falscher Daten oder L\u00f6schung personenbezogener Daten zusteht, sollte diesem Anspruch keine gesetzliche Aufbewahrungspflicht entgegenstehen.<\/p>\n<p><a href=\"https:\/\/www.ratgeberrecht.eu\/leistungen\/muster-datenschutzerklaerung.html\" target=\"_blank\" rel=\"noopener\">Muster-Datenschutzerkl\u00e4rung<\/a>\u00a0der\u00a0<a href=\"https:\/\/www.ratgeberrecht.eu\/\" target=\"_blank\" rel=\"noopener\">Anwaltskanzlei Wei\u00df &amp; Partner<\/a><\/p>\n<p class=\"paragraph_style_7\"><span class=\"style_5\">Quellen: <\/span><a title=\"http:\/\/www.e-recht24.de\/muster-disclaimer.htm\" href=\"http:\/\/www.e-recht24.de\/muster-disclaimer.htm\">eRecht24 Disclaimer<\/a><span class=\"style_5\">, <\/span><a title=\"http:\/\/www.e-recht24.de\/artikel\/datenschutz\/6590-facebook-like-button-datenschutz-disclaimer.html\" href=\"http:\/\/www.e-recht24.de\/artikel\/datenschutz\/6590-facebook-like-button-datenschutz-disclaimer.html\">eRecht24 Datenschutzerkl\u00e4rung f\u00fcr Facebook<\/a><span class=\"style_5\">, <\/span><a title=\"http:\/\/twitter.com\/privacy\" href=\"http:\/\/twitter.com\/privacy\">Datenschutzerkl\u00e4rung Twitter<\/a><\/p>\n","protected":false},"excerpt":{"rendered":"<p>Angaben gem\u00e4\u00df \u00a7 5 TMG: Verantwortlich f\u00fcr den Inhalt nach \u00a7 55 Abs. 2 RStV dieser Website ist: OStR Max Auburger Hiltenspergerstra\u00dfe 34 D-80796 M\u00fcnchen Kontakt: info@herrauburger.de Haftungsausschluss: Haftung f\u00fcr Inhalte Die Inhalte unserer Seiten wurden mit gr\u00f6\u00dfter Sorgfalt erstellt. F\u00fcr die Richtigkeit, Vollst\u00e4ndigkeit und Aktualit\u00e4t der Inhalte k\u00f6nnen wir jedoch keine Gew\u00e4hr \u00fcbernehmen. Als Diensteanbieter sind wir gem\u00e4\u00df \u00a7 7 Abs.1 TMG f\u00fcr eigene Inhalte auf diesen Seiten nach den allgemeinen Gesetzen verantwortlich. Nach \u00a7\u00a7 8 bis 10 TMG sind wir als Diensteanbieter jedoch nicht verpflichtet, \u00fcbermittelte oder gespeicherte fremde Informationen zu \u00fcberwachen oder nach Umst\u00e4nden zu forschen, die auf eine rechtswidrige T\u00e4tigkeit hinweisen.<a class=\"more-link\" href=\"https:\/\/herrauburger.de\/?page_id=40\">Read More &rarr;<\/a><\/p>\n","protected":false},"author":1,"featured_media":0,"parent":0,"menu_order":0,"comment_status":"closed","ping_status":"closed","template":"","meta":{"advanced_seo_description":"","jetpack_seo_html_title":"","jetpack_seo_noindex":false,"jetpack_post_was_ever_published":false},"jetpack_sharing_enabled":true,"jetpack_shortlink":"https:\/\/wp.me\/P8Ugtv-E","jetpack-related-posts":[{"id":131,"url":"https:\/\/herrauburger.de\/?page_id=131","url_meta":{"origin":40,"position":0},"title":"Workshop &#8222;Filterblasen, Fake-News und Co.  &#8211; Nachrichtenvermittlung im Netz&#8220;","date":"21. Januar 2018","format":false,"excerpt":"\u00a0 Liebe Workshop-Teilnehmer, hier finden Sie die Pr\u00e4sentationsfolien mit den Ergebnisse Ihren Workshops im PDF Format. (ca. 2 Stunden nach Workshop-Ende) Ebenfalls finden Sie hier hilfreiche Info-Seiten zum sicheren Umgang mit Nachrichten im Internet: Dossier zur Orientierung im Medienalltag der Bundeszentrale f\u00fcr politische Bildung Klicksafe.de - Onlineangebot der EU zum\u2026","rel":"","context":"\u00c4hnlicher Beitrag","img":{"alt_text":"","src":"https:\/\/i0.wp.com\/herrauburger.de\/wp-content\/uploads\/2018\/01\/wordcloud.png?fit=640%2C480&ssl=1&resize=350%2C200","width":350,"height":200},"classes":[]},{"id":99,"url":"https:\/\/herrauburger.de\/?page_id=99","url_meta":{"origin":40,"position":1},"title":"Die digitale Lehrertasche","date":"17. November 2017","format":false,"excerpt":"Hier finden Sie die Pr\u00e4sentationsfolien zum Forum \"Die digitale Lehrertasche\" im Rahmen des Schulentwicklungstages f\u00fcr Oberbayern 2017.\u00a0Klicken Sie auf das Logo, um zu den Pr\u00e4sentationsfolien zu gelangen! Im Forum \"Die digitale Lehrertasche\" wurden hilfreiche Tools zur digitalen Unterst\u00fctzung der Unterrichtsorganisation und -Planung vorgestellt. Der Schwerpunkt lag dabei auf Apps f\u00fcr\u2026","rel":"","context":"\u00c4hnlicher Beitrag","img":{"alt_text":"","src":"https:\/\/i0.wp.com\/herrauburger.de\/wp-content\/uploads\/2017\/11\/Lehrertasche-300x296.png?resize=350%2C200","width":350,"height":200},"classes":[]},{"id":78,"url":"https:\/\/herrauburger.de\/?page_id=78","url_meta":{"origin":40,"position":2},"title":"N\u00fctzliche Apps f\u00fcr den Unterricht","date":"1. September 2017","format":false,"excerpt":"","rel":"","context":"\u00c4hnlicher Beitrag","img":{"alt_text":"","src":"","width":0,"height":0},"classes":[]},{"id":117,"url":"https:\/\/herrauburger.de\/?page_id=117","url_meta":{"origin":40,"position":3},"title":"Einsatz von QR-Codes im Unterricht","date":"23. November 2017","format":false,"excerpt":"Es bieten sich sehr viele M\u00f6glichkeiten, QR-Codes im Unterricht einzusetzen. Im Stationenlernen \"QR-Codes\" erfahren Sie: was QR-Codes sind wie man QR-Codes erstellt welche Aufgaben mit QR-Codes umgesetzt werden Die einzelnen Stationen finden Sie im Kursraum verteilt. Die Stationen k\u00f6nnen in beliebiger Reihenfolge bearbeitet werden. Nur die Station \"Abschluss Quiz\" soll\u2026","rel":"","context":"\u00c4hnlicher Beitrag","img":{"alt_text":"","src":"https:\/\/i0.wp.com\/herrauburger.de\/wp-content\/uploads\/2017\/11\/QR-Reader-Code-with-Red-Question-Mark-on-it-DSL-Code.jpg?resize=350%2C200","width":350,"height":200},"classes":[]},{"id":111,"url":"https:\/\/herrauburger.de\/?page_id=111","url_meta":{"origin":40,"position":4},"title":"Einfach digital!","date":"23. November 2017","format":false,"excerpt":"Herzlich Willkommen auf der Begleitseite zur RLFB \"Einfach digital!\" Hier finden Sie das Skript zur Veranstaltung zum Download. Ebenfalls finden Sie eine Liste der vorgestellten Apps mit direkter Verlinkung in den entsprechenden Appstore. Hier geht es zum Skript... In der Fortbildung vorgestellte Apps: \u00a0","rel":"","context":"\u00c4hnlicher Beitrag","img":{"alt_text":"","src":"https:\/\/i0.wp.com\/herrauburger.de\/wp-content\/uploads\/2017\/11\/technology-2082642_960_720.jpg?resize=350%2C200","width":350,"height":200},"classes":[]},{"id":143,"url":"https:\/\/herrauburger.de\/?page_id=143","url_meta":{"origin":40,"position":5},"title":"Bildung, Bytes und Bier","date":"21. Oktober 2018","format":false,"excerpt":"Unter dem Motto \"Bildung, Bytes und Bier\" findet an November in regelm\u00e4\u00dfigen Abst\u00e4nden ein Stammtisch in M\u00fcnchen statt, an dem sich Lehrkr\u00e4fte aller Schulen treffen, um in gem\u00fctlicher Runde \u00fcber alles M\u00f6gliche rund um das Thema digitaler Unterricht zu quatschen. Sei auch Du dabei und vernetze dich mit Gleichgesinnten! Der\u2026","rel":"","context":"\u00c4hnlicher Beitrag","img":{"alt_text":"","src":"https:\/\/i0.wp.com\/herrauburger.de\/wp-content\/uploads\/2018\/10\/My-Post-2.jpg?resize=350%2C200","width":350,"height":200},"classes":[]}],"_links":{"self":[{"href":"https:\/\/herrauburger.de\/index.php?rest_route=\/wp\/v2\/pages\/40"}],"collection":[{"href":"https:\/\/herrauburger.de\/index.php?rest_route=\/wp\/v2\/pages"}],"about":[{"href":"https:\/\/herrauburger.de\/index.php?rest_route=\/wp\/v2\/types\/page"}],"author":[{"embeddable":true,"href":"https:\/\/herrauburger.de\/index.php?rest_route=\/wp\/v2\/users\/1"}],"replies":[{"embeddable":true,"href":"https:\/\/herrauburger.de\/index.php?rest_route=%2Fwp%2Fv2%2Fcomments&post=40"}],"version-history":[{"count":2,"href":"https:\/\/herrauburger.de\/index.php?rest_route=\/wp\/v2\/pages\/40\/revisions"}],"predecessor-version":[{"id":204,"href":"https:\/\/herrauburger.de\/index.php?rest_route=\/wp\/v2\/pages\/40\/revisions\/204"}],"wp:attachment":[{"href":"https:\/\/herrauburger.de\/index.php?rest_route=%2Fwp%2Fv2%2Fmedia&parent=40"}],"curies":[{"name":"wp","href":"https:\/\/api.w.org\/{rel}","templated":true}]}}