{"id":2,"date":"2016-05-10T03:48:21","date_gmt":"2016-05-10T03:48:21","guid":{"rendered":"http:\/\/herrauburger.de\/?page_id=2"},"modified":"2023-01-15T10:13:43","modified_gmt":"2023-01-15T08:13:43","slug":"sample-page","status":"publish","type":"page","link":"https:\/\/herrauburger.de\/","title":{"rendered":"Startseite"},"content":{"rendered":"\n<div class=\"brz-root__container brz-reset-all\">&nbsp;<\/div>\n\n\n\n<figure class=\"wp-block-embed is-type-rich is-provider-twitter wp-block-embed-twitter\"><div class=\"wp-block-embed__wrapper\">\n<a class=\"twitter-timeline\" data-width=\"1200\" data-height=\"1000\" data-dnt=\"true\" href=\"https:\/\/twitter.com\/iMeks?ref_src=twsrc%5Etfw\">Tweets by iMeks<\/a><script async src=\"https:\/\/platform.twitter.com\/widgets.js\" charset=\"utf-8\"><\/script>\n<\/div><\/figure>\n\n\n\n<div class=\"is-layout-flex wp-block-buttons\">\n<div class=\"wp-block-button\"><a class=\"wp-block-button__link wp-element-button\" href=\"https:\/\/herrauburger.de\/?page_id=40\">Impressum<\/a><\/div>\n<\/div>\n","protected":false},"excerpt":{"rendered":"<p>&nbsp;<a class=\"more-link\" href=\"https:\/\/herrauburger.de\/\">Read More &rarr;<\/a><\/p>\n","protected":false},"author":1,"featured_media":0,"parent":0,"menu_order":0,"comment_status":"closed","ping_status":"open","template":"brizy-blank-template.php","meta":{"advanced_seo_description":"","jetpack_seo_html_title":"","jetpack_seo_noindex":false,"jetpack_post_was_ever_published":false},"jetpack_sharing_enabled":true,"jetpack_shortlink":"https:\/\/wp.me\/P8Ugtv-2","jetpack-related-posts":[{"id":40,"url":"https:\/\/herrauburger.de\/?page_id=40","url_meta":{"origin":2,"position":0},"title":"Impressum","date":"30. Juli 2017","format":false,"excerpt":"Angaben gem\u00e4\u00df \u00a7 5 TMG: Verantwortlich f\u00fcr den Inhalt nach \u00a7 55 Abs. 2 RStV dieser Website ist: OStR Max Auburger Hiltenspergerstra\u00dfe 34 D-80796 M\u00fcnchen Kontakt: info@herrauburger.de Haftungsausschluss: Haftung f\u00fcr Inhalte Die Inhalte unserer Seiten wurden mit gr\u00f6\u00dfter Sorgfalt erstellt. F\u00fcr die Richtigkeit, Vollst\u00e4ndigkeit und Aktualit\u00e4t der Inhalte k\u00f6nnen wir\u2026","rel":"","context":"\u00c4hnlicher Beitrag","img":{"alt_text":"","src":"","width":0,"height":0},"classes":[]},{"id":131,"url":"https:\/\/herrauburger.de\/?page_id=131","url_meta":{"origin":2,"position":1},"title":"Workshop &#8222;Filterblasen, Fake-News und Co.  &#8211; Nachrichtenvermittlung im Netz&#8220;","date":"21. Januar 2018","format":false,"excerpt":"\u00a0 Liebe Workshop-Teilnehmer, hier finden Sie die Pr\u00e4sentationsfolien mit den Ergebnisse Ihren Workshops im PDF Format. (ca. 2 Stunden nach Workshop-Ende) Ebenfalls finden Sie hier hilfreiche Info-Seiten zum sicheren Umgang mit Nachrichten im Internet: Dossier zur Orientierung im Medienalltag der Bundeszentrale f\u00fcr politische Bildung Klicksafe.de - Onlineangebot der EU zum\u2026","rel":"","context":"\u00c4hnlicher Beitrag","img":{"alt_text":"","src":"https:\/\/i0.wp.com\/herrauburger.de\/wp-content\/uploads\/2018\/01\/wordcloud.png?fit=640%2C480&ssl=1&resize=350%2C200","width":350,"height":200},"classes":[]}],"_links":{"self":[{"href":"https:\/\/herrauburger.de\/index.php?rest_route=\/wp\/v2\/pages\/2"}],"collection":[{"href":"https:\/\/herrauburger.de\/index.php?rest_route=\/wp\/v2\/pages"}],"about":[{"href":"https:\/\/herrauburger.de\/index.php?rest_route=\/wp\/v2\/types\/page"}],"author":[{"embeddable":true,"href":"https:\/\/herrauburger.de\/index.php?rest_route=\/wp\/v2\/users\/1"}],"replies":[{"embeddable":true,"href":"https:\/\/herrauburger.de\/index.php?rest_route=%2Fwp%2Fv2%2Fcomments&post=2"}],"version-history":[{"count":9,"href":"https:\/\/herrauburger.de\/index.php?rest_route=\/wp\/v2\/pages\/2\/revisions"}],"predecessor-version":[{"id":254,"href":"https:\/\/herrauburger.de\/index.php?rest_route=\/wp\/v2\/pages\/2\/revisions\/254"}],"wp:attachment":[{"href":"https:\/\/herrauburger.de\/index.php?rest_route=%2Fwp%2Fv2%2Fmedia&parent=2"}],"curies":[{"name":"wp","href":"https:\/\/api.w.org\/{rel}","templated":true}]}}